{"id":300,"date":"2008-04-20T18:30:43","date_gmt":"2008-04-20T16:30:43","guid":{"rendered":"http:\/\/www.sportgiallorosso.it\/public\/base\/?page_id=300"},"modified":"2009-02-08T16:37:45","modified_gmt":"2009-02-08T14:37:45","slug":"warnings-disclaimer-privacy","status":"publish","type":"page","link":"http:\/\/www.sportgiallorosso.it\/public\/base\/?page_id=300","title":{"rendered":"Privacy"},"content":{"rendered":"<h2 style=\"text-align: center;\">Warnings-Disclaimer-Privacy<\/h2>\n<ul>\n<li><strong><span style=\"color: #800000;\">DISCLAIMER<\/span><\/strong><\/li>\n<\/ul>\n<p style=\"text-align: justify;\">Questo portale non rappresenta una testata giornalistica in quanto viene aggiornato senza nessuna periodicit\u00e0. Non pu\u00f2 pertanto considerarsi un prodotto editoriale ai sensi della legge n. 62 del 7.03.2001. <a href=\"http:\/\/www.sportgiallorosso.it\">www.sportgiallorosso.it<\/a>, inoltre, non ha alcuna responsabilit\u00e0 per quanto riguarda i siti ai quali \u00e8 possibile accedere tramite i collegamenti posti all\u2019interno del sito stesso, forniti come semplice servizio agli utenti della rete. Il fatto che il portale fornisca questi collegamenti non implica l\u2019approvazione dei siti stessi, sulla cui qualit\u00e0, contenuti e grafica \u00e8 declinata ogni responsabilit\u00e0.<\/p>\n<ul>\n<li><span style=\"color: #800000;\"><strong>COPYRIGHT<\/strong><\/span><\/li>\n<\/ul>\n<p style=\"text-align: justify;\">Non \u00e8 vietata la riproduzione dei contenuti di questo blog, senza l\u2019autorizzazione degli autori, ma gli articoli  e\/o le foto in ogni caso,  devono riportare non solo la citazione ed il nome \u201c<strong>SportGiallorosso<\/strong>\u201d, ma anche il link al sito.<\/p>\n<ul>\n<li><span style=\"color: #993300;\"><strong>AVVISO<\/strong><\/span><\/li>\n<\/ul>\n<p style=\"text-align: justify;\">Il materiale fotografico utilizzato all&#8217;interno del sito \u00e8 stato fornito e reso disponibile dagli operatori aderenti al portale. Qualora\u00a0 in questo sito\u00a0 fossero stati inavvertitamente inseriti immagini, informazioni, testi,\u00a0 od altro materiale coperto da Copyright saranno immediatamente rimossi e\/o ne saranno citate le fonti su semplice segnalazione a questo indirizzo e-mail: <a href=\"mailto:info@sportgiallorosso.it\">info@sportgiallorosso.it<\/a>.<\/p>\n<ul>\n<li><span style=\"color: #993300;\"><strong>PRIVACY <\/strong><\/span>(informativa resa ai senti dell\u2019art. 13 del Decreto legislativo 30 giugno 2003, n. 196)<\/li>\n<\/ul>\n<p style=\"text-align: justify;\">I sistemi informatici e telematici e le procedure software preposte all\u2019utile funzionamento di questo sito acquisiscono, nel corso del loro normale esercizio, alcuni dati di carattere personale la cui trasmissione \u00e8 implicita nell\u2019uso dei protocolli di comunicazione web o \u00e8 utile per la migliore gestione e ottimizzazione del sito (es. indirizzi IP, indirizzi URL, nomi a dominio, orario delle richieste, dimensione dei files, altri parametri relativi al sistema operativo dell\u2019utente). I dati di navigazione (anche se in forma di fine di LOG o cookies) sono acquisiti a fini statistici, o per controllare e migliorare il funzionamento del sito, e non vengono in alcun modo associati ad altri dati al fine di identificare l\u2019utente o crearne un profilo personale. Tutti i dati, trascorso il tempo strettamente necessario al loro trattamento, vengono cancellati. E\u2019 fatta salva l\u2019utilizzabilita\u2019 dei dati per fini di giustizia nelle ipotesi espressamente previste dalla legge, o per l\u2019adempimento di obblighi normativi.<\/p>\n<ul>\n<li><span style=\"color: #993300;\"><strong>PRIVACY\/2<\/strong><\/span><\/li>\n<\/ul>\n<p style=\"text-align: justify;\">Le persone fotografate in strada o in locali pubblici, e la cui immagine \u00e8 stata pubblicata su questo blog, laddove \u00e8 stato possibile interagire con loro, hanno fornito il consenso alla pubblicazione delle stesse. Se, invece, qualcuno volesse chiedere, in qualsiasi momento, la rimozione della foto che lo ritrae, <a href=\"mailto:info@sportgiallorosso.it\">pu\u00f2 scriverci<\/a>.<\/p>\n<p><span style=\"font-size: 9pt; font-family: Verdana; color: #333366;\"> <\/span><\/p>\n","protected":false},"excerpt":{"rendered":"<p>Warnings-Disclaimer-Privacy DISCLAIMER Questo portale non rappresenta una testata giornalistica in quanto viene aggiornato senza nessuna periodicit\u00e0. Non pu\u00f2 pertanto considerarsi un prodotto editoriale ai sensi della legge n. 62 del 7.03.2001. www.sportgiallorosso.it, inoltre, non ha alcuna responsabilit\u00e0 per quanto riguarda i siti ai quali \u00e8 possibile accedere tramite i collegamenti posti all\u2019interno del sito stesso, [&hellip;]<\/p>\n","protected":false},"author":1,"featured_media":0,"parent":0,"menu_order":9,"comment_status":"closed","ping_status":"closed","template":"","meta":{"footnotes":""},"_links":{"self":[{"href":"http:\/\/www.sportgiallorosso.it\/public\/base\/index.php?rest_route=\/wp\/v2\/pages\/300"}],"collection":[{"href":"http:\/\/www.sportgiallorosso.it\/public\/base\/index.php?rest_route=\/wp\/v2\/pages"}],"about":[{"href":"http:\/\/www.sportgiallorosso.it\/public\/base\/index.php?rest_route=\/wp\/v2\/types\/page"}],"author":[{"embeddable":true,"href":"http:\/\/www.sportgiallorosso.it\/public\/base\/index.php?rest_route=\/wp\/v2\/users\/1"}],"replies":[{"embeddable":true,"href":"http:\/\/www.sportgiallorosso.it\/public\/base\/index.php?rest_route=%2Fwp%2Fv2%2Fcomments&post=300"}],"version-history":[{"count":1,"href":"http:\/\/www.sportgiallorosso.it\/public\/base\/index.php?rest_route=\/wp\/v2\/pages\/300\/revisions"}],"predecessor-version":[{"id":1072,"href":"http:\/\/www.sportgiallorosso.it\/public\/base\/index.php?rest_route=\/wp\/v2\/pages\/300\/revisions\/1072"}],"wp:attachment":[{"href":"http:\/\/www.sportgiallorosso.it\/public\/base\/index.php?rest_route=%2Fwp%2Fv2%2Fmedia&parent=300"}],"curies":[{"name":"wp","href":"https:\/\/api.w.org\/{rel}","templated":true}]}}