{"id":272,"date":"2008-04-04T20:44:20","date_gmt":"2008-04-04T18:44:20","guid":{"rendered":"http:\/\/www.sportgiallorosso.it\/public\/base\/?page_id=272"},"modified":"2016-01-16T10:49:02","modified_gmt":"2016-01-16T08:49:02","slug":"elenco-partecipanti","status":"publish","type":"page","link":"http:\/\/www.sportgiallorosso.it\/public\/base\/?page_id=272","title":{"rendered":"Elenco Partecipanti &#8211; 2008"},"content":{"rendered":"<p><strong><span style=\"color: #993300;\"><br \/>\n<\/span><\/strong><\/p>\n<p class=\"MsoNormal\" style=\"text-align: justify\"><a href=\"http:\/\/www.bassanovirtus.com\/\" target=\"_blank\">BASSANO VIRTUS<\/a> (<span style=\"color: #000080;\"><strong>VI<\/strong><\/span>)<\/p>\n<p class=\"MsoNormal\" style=\"text-align: justify\"><a href=\"http:\/\/www.fc-suedtirol.com\" target=\"_blank\">SUEDTIROL &#8211; ALTO ADIGE<\/a> (<strong><span style=\"color: #000080;\">BZ<\/span><\/strong>)<a href=\"http:\/\/www.fc-suedtirol.com\"><br \/>\n<\/a><\/p>\n<p class=\"MsoNormal\" style=\"text-align: justify\">\n<p class=\"MsoNormal\" style=\"text-align: justify\"><a href=\"http:\/\/www.polmottinello.net\/\" target=\"_blank\">POL. MOTTINELLO<\/a> (<span style=\"color: #000080;\"><strong>PD<\/strong><\/span>)<\/p>\n<p class=\"MsoNormal\" style=\"text-align: justify\"><a title=\"header.jpg\" href=\"http:\/\/www.sportgiallorosso.it\/public\/base\/wp-content\/uploads\/2008\/02\/header.jpg\"><\/a> TRENTO CALCIO 1921 (<span style=\"color: #000080;\"><strong>TN<\/strong><\/span>)<\/p>\n<p class=\"MsoNormal\" style=\"text-align: justify\">\n<p class=\"MsoNormal\" style=\"text-align: justify\"><a href=\"http:\/\/www.comunecavaion.it\" target=\"_blank\">CAVAION VERONESE<\/a> (<strong><span style=\"color: #000080;\">VR<\/span><\/strong>)<\/p>\n<p class=\"MsoNormal\" style=\"text-align: justify\">RAPPRESENTATIVA REGIONALE TAA<\/p>\n<p class=\"MsoNormal\" style=\"text-align: justify\"><a href=\"http:\/\/www.usborgo.net\/\" target=\"_blank\">U.S. BORGO<\/a> (<strong><span style=\"color: #000080;\">TN<\/span><\/strong>)<\/p>\n<p class=\"MsoNormal\" style=\"text-align: justify\">A.C.  D. PIETRI CARPI A.S.D. (<strong><span style=\"color: #000080;\">MO<\/span><\/strong>)<\/p>\n<p class=\"MsoNormal\" style=\"text-align: justify\">U.S. ARCO (TN)<\/p>\n<p class=\"MsoNormal\" style=\"text-align: justify\">\n<p class=\"MsoNormal\" style=\"text-align: justify\">\n<p class=\"MsoNormal\" style=\"text-align: justify\"><em>Aggiornamento del 23\/02\/2008 &#8211; <span style=\"color: #000080;\"><strong>Chiuse  le Iscrizioni al Torneo<\/strong><\/span><\/em><\/p>\n<p class=\"MsoNormal\" style=\"text-align: justify\"><em>Aggionamento del 04\/05\/2008<\/em> &#8211; <span style=\"color: #0000ff;\">La squadra A.C.D. Pietri \u00e8 costretta a rinunciare alla manifestazione per sopraggiunti impegni. La Societ\u00e0 sportiva U.S. Arco disputer\u00e0 al suo posto il Torneo subentrando nel girone A.<\/span><\/p>\n<p class=\"MsoNormal\" style=\"text-align: justify\">\n","protected":false},"excerpt":{"rendered":"<p>BASSANO VIRTUS (VI) SUEDTIROL &#8211; ALTO ADIGE (BZ) POL. MOTTINELLO (PD) TRENTO CALCIO 1921 (TN) CAVAION VERONESE (VR) RAPPRESENTATIVA REGIONALE TAA U.S. BORGO (TN) A.C. D. PIETRI CARPI A.S.D. (MO) U.S. ARCO (TN) Aggiornamento del 23\/02\/2008 &#8211; Chiuse le Iscrizioni al Torneo Aggionamento del 04\/05\/2008 &#8211; La squadra A.C.D. Pietri \u00e8 costretta a rinunciare alla [&hellip;]<\/p>\n","protected":false},"author":1,"featured_media":0,"parent":155,"menu_order":1,"comment_status":"closed","ping_status":"closed","template":"","meta":{"footnotes":""},"_links":{"self":[{"href":"http:\/\/www.sportgiallorosso.it\/public\/base\/index.php?rest_route=\/wp\/v2\/pages\/272"}],"collection":[{"href":"http:\/\/www.sportgiallorosso.it\/public\/base\/index.php?rest_route=\/wp\/v2\/pages"}],"about":[{"href":"http:\/\/www.sportgiallorosso.it\/public\/base\/index.php?rest_route=\/wp\/v2\/types\/page"}],"author":[{"embeddable":true,"href":"http:\/\/www.sportgiallorosso.it\/public\/base\/index.php?rest_route=\/wp\/v2\/users\/1"}],"replies":[{"embeddable":true,"href":"http:\/\/www.sportgiallorosso.it\/public\/base\/index.php?rest_route=%2Fwp%2Fv2%2Fcomments&post=272"}],"version-history":[{"count":9,"href":"http:\/\/www.sportgiallorosso.it\/public\/base\/index.php?rest_route=\/wp\/v2\/pages\/272\/revisions"}],"predecessor-version":[{"id":4052,"href":"http:\/\/www.sportgiallorosso.it\/public\/base\/index.php?rest_route=\/wp\/v2\/pages\/272\/revisions\/4052"}],"up":[{"embeddable":true,"href":"http:\/\/www.sportgiallorosso.it\/public\/base\/index.php?rest_route=\/wp\/v2\/pages\/155"}],"wp:attachment":[{"href":"http:\/\/www.sportgiallorosso.it\/public\/base\/index.php?rest_route=%2Fwp%2Fv2%2Fmedia&parent=272"}],"curies":[{"name":"wp","href":"https:\/\/api.w.org\/{rel}","templated":true}]}}